{"id":2373,"date":"2024-02-18T12:10:41","date_gmt":"2024-02-18T15:10:41","guid":{"rendered":"https:\/\/ullttra.com.br\/ullttranews\/?page_id=2373"},"modified":"2024-03-10T01:13:14","modified_gmt":"2024-03-10T04:13:14","slug":"home","status":"publish","type":"page","link":"https:\/\/ullttra.com.br\/ullttranews\/","title":{"rendered":"home"},"content":{"rendered":"<div style=\"margin-top: 0px; margin-bottom: 0px;\" class=\"sharethis-inline-reaction-buttons\" ><\/div>\t\t<div data-elementor-type=\"wp-page\" data-elementor-id=\"2373\" class=\"elementor elementor-2373\" data-elementor-post-type=\"page\">\n\t\t\t\t\t\t<section class=\"elementor-section elementor-top-section elementor-element elementor-element-4f75d68f elementor-section-boxed elementor-section-height-default elementor-section-height-default\" data-id=\"4f75d68f\" data-element_type=\"section\" data-e-type=\"section\" data-settings=\"{&quot;background_background&quot;:&quot;classic&quot;}\">\n\t\t\t\t\t\t<div class=\"elementor-container elementor-column-gap-default\">\n\t\t\t\t\t<div class=\"elementor-column elementor-col-100 elementor-top-column elementor-element elementor-element-44df0444\" data-id=\"44df0444\" data-element_type=\"column\" data-e-type=\"column\">\n\t\t\t<div class=\"elementor-widget-wrap elementor-element-populated\">\n\t\t\t\t\t\t<div class=\"elementor-element elementor-element-66a792db elementor-widget elementor-widget-spacer\" data-id=\"66a792db\" data-element_type=\"widget\" data-e-type=\"widget\" data-widget_type=\"spacer.default\">\n\t\t\t\t<div class=\"elementor-widget-container\">\n\t\t\t\t\t\t\t<div class=\"elementor-spacer\">\n\t\t\t<div class=\"elementor-spacer-inner\"><\/div>\n\t\t<\/div>\n\t\t\t\t\t\t<\/div>\n\t\t\t\t<\/div>\n\t\t\t\t\t<\/div>\n\t\t<\/div>\n\t\t\t\t\t<\/div>\n\t\t<\/section>\n\t\t\t\t<section class=\"elementor-section elementor-top-section elementor-element elementor-element-1741566f elementor-section-full_width elementor-section-height-default elementor-section-height-default\" data-id=\"1741566f\" data-element_type=\"section\" data-e-type=\"section\" data-settings=\"{&quot;background_background&quot;:&quot;classic&quot;}\">\n\t\t\t\t\t\t<div class=\"elementor-container elementor-column-gap-default\">\n\t\t\t\t\t<div class=\"elementor-column elementor-col-100 elementor-top-column elementor-element elementor-element-6be4458f\" data-id=\"6be4458f\" data-element_type=\"column\" data-e-type=\"column\">\n\t\t\t<div class=\"elementor-widget-wrap elementor-element-populated\">\n\t\t\t\t\t\t<div class=\"elementor-element elementor-element-22d3b elementor-widget elementor-widget-foxiz-overlay-2\" data-id=\"22d3b\" data-element_type=\"widget\" data-e-type=\"widget\" data-widget_type=\"foxiz-overlay-2.default\">\n\t\t\t\t<div class=\"elementor-widget-container\">\n\t\t\t\t\t<div id=\"uid_22d3b\" class=\"block-wrap block-overlay block-overlay-2 p-gradient rb-columns rb-col-1 rb-tcol-1 rb-mcol-1 is-gap-7 ecat-bg-1 ict--1 meta-s-default\"><div class=\"block-inner\">\t\t<div class=\"p-wrap p-overlay p-overlay-2\" data-pid=\"2562\">\r\n\t\t\t<div class=\"overlay-holder\">\r\n\t\t\t\t\t<div class=\"p-featured\">\r\n\t\t\t\t\t<a class=\"p-flink\" href=\"https:\/\/ullttra.com.br\/ullttranews\/2026\/02\/27\/justica-determina-bloqueio-de-acoes-do-brb-ligadas-a-banco-master\/\" title=\"Justi\u00e7a determina bloqueio de a\u00e7\u00f5es do BRB ligadas a Banco Master\">\r\n\t\t\t<img loading=\"lazy\" decoding=\"async\" data-expand=\"600\" width=\"330\" height=\"220\" src=\"data:image\/svg+xml;charset=utf-8,%3Csvg xmlns%3D'http%3A%2F%2Fwww.w3.org%2F2000%2Fsvg' viewBox%3D'0 0 330 220'%2F%3E\" data-src=\"https:\/\/i0.wp.com\/ullttra.com.br\/ullttranews\/wp-content\/uploads\/sites\/10\/2026\/02\/Foto_JPG_2026_02_27_T034615_461_be48abf63b.webp?resize=330%2C220&amp;ssl=1\" class=\"lazyload featured-img wp-post-image\" alt=\"\" loading=\"lazy\" \/>\t\t<\/a>\r\n\t\t\t\t<\/div>\r\n\t\t\t\t<div class=\"overlay-wrap\">\r\n\t\t\t\t<div class=\"overlay-inner p-content light-scheme\">\r\n\t\t\t\t\t<div class=\"p-categories p-top\"><a class=\"p-category category-id-39\" href=\"https:\/\/ullttra.com.br\/ullttranews\/category\/noticias\/brasil\/\" rel=\"category\">Brasil<\/a><\/div><h3 class=\"entry-title\">\t\t<a class=\"p-url\" href=\"https:\/\/ullttra.com.br\/ullttranews\/2026\/02\/27\/justica-determina-bloqueio-de-acoes-do-brb-ligadas-a-banco-master\/\" rel=\"bookmark\">Justi\u00e7a determina bloqueio de a\u00e7\u00f5es do BRB ligadas a Banco Master<\/a><\/h3>\t\t\t\t<\/div>\r\n\t\t\t<\/div>\r\n\t\t<\/div>\r\n\t\t\t\t<\/div>\r\n\t<\/div><\/div>\t\t\t\t<\/div>\n\t\t\t\t<\/div>\n\t\t\t\t<section class=\"elementor-section elementor-inner-section elementor-element elementor-element-3a513e61 elementor-section-full_width elementor-section-height-default elementor-section-height-default\" data-id=\"3a513e61\" data-element_type=\"section\" data-e-type=\"section\">\n\t\t\t\t\t\t<div class=\"elementor-container elementor-column-gap-default\">\n\t\t\t\t\t<div class=\"elementor-column elementor-col-50 elementor-inner-column elementor-element elementor-element-6b410d49\" data-id=\"6b410d49\" data-element_type=\"column\" data-e-type=\"column\">\n\t\t\t<div class=\"elementor-widget-wrap elementor-element-populated\">\n\t\t\t\t\t\t<div class=\"elementor-element elementor-element-59142730 elementor-widget elementor-widget-foxiz-list-small-2\" data-id=\"59142730\" data-element_type=\"widget\" data-e-type=\"widget\" data-widget_type=\"foxiz-list-small-2.default\">\n\t\t\t\t<div class=\"elementor-widget-container\">\n\t\t\t\t\t<div id=\"uid_59142730\" class=\"block-wrap block-small block-list block-list-small-2 short-pagination rb-columns rb-col-1 light-scheme is-feat-left ict--1 meta-s-default\"><div class=\"block-inner\">\t\t<div class=\"p-wrap p-small p-list-small-2\" data-pid=\"2560\">\r\n\t\t\t\t<div class=\"feat-holder\">\t\t<div class=\"p-featured ratio-v1\">\r\n\t\t\t\t\t<a class=\"p-flink\" href=\"https:\/\/ullttra.com.br\/ullttranews\/2026\/02\/27\/metro-de-sp-demite-funcionario-que-recusou-ajudar-vitima-de-assedio\/\" title=\"Metr\u00f4 de SP demite funcion\u00e1rio que recusou ajudar v\u00edtima de ass\u00e9dio\">\r\n\t\t\t<img loading=\"lazy\" decoding=\"async\" data-expand=\"600\" width=\"330\" height=\"220\" src=\"data:image\/svg+xml;charset=utf-8,%3Csvg xmlns%3D'http%3A%2F%2Fwww.w3.org%2F2000%2Fsvg' viewBox%3D'0 0 330 220'%2F%3E\" data-src=\"https:\/\/i0.wp.com\/ullttra.com.br\/ullttranews\/wp-content\/uploads\/sites\/10\/2026\/02\/Foto_JPG_2026_02_27_T045659_016_859f121c8d.webp?resize=330%2C220&amp;ssl=1\" class=\"lazyload featured-img wp-post-image\" alt=\"\" loading=\"lazy\" \/>\t\t<\/a>\r\n\t\t\t\t<\/div>\r\n\t<\/div>\r\n\t\t\t\t<div class=\"p-content\">\r\n\t\t\t<h5 class=\"entry-title\">\t\t<a class=\"p-url\" href=\"https:\/\/ullttra.com.br\/ullttranews\/2026\/02\/27\/metro-de-sp-demite-funcionario-que-recusou-ajudar-vitima-de-assedio\/\" rel=\"bookmark\">Metr\u00f4 de SP demite funcion\u00e1rio que recusou ajudar v\u00edtima de ass\u00e9dio<\/a><\/h5>\t\t\t<div class=\"p-meta\">\r\n\t\t\t\t<div class=\"meta-inner is-meta\">\r\n\t\t\t\t\t\t<div class=\"meta-el meta-date\">\r\n\t\t\t\t<time class=\"date published\" datetime=\"2026-02-27T07:06:34-03:00\">27 de fevereiro de 2026<\/time>\r\n\t\t<\/div>\t\t\t\t<\/div>\r\n\t\t\t\t\t\t\t<\/div>\r\n\t\t\t\t<\/div>\r\n\t\t\t\t<\/div>\r\n\t\t\t<div class=\"p-wrap p-small p-list-small-2\" data-pid=\"2556\">\r\n\t\t\t\t<div class=\"feat-holder\">\t\t<div class=\"p-featured ratio-v1\">\r\n\t\t\t\t\t<a class=\"p-flink\" href=\"https:\/\/ullttra.com.br\/ullttranews\/2026\/02\/27\/caixa-libera-saque-calamidade-do-fgts-para-afetados-por-chuvas-em-mg\/\" title=\"Caixa libera saque calamidade do FGTS para afetados por chuvas em MG\">\r\n\t\t\t<img loading=\"lazy\" decoding=\"async\" data-expand=\"600\" width=\"330\" height=\"220\" src=\"data:image\/svg+xml;charset=utf-8,%3Csvg xmlns%3D'http%3A%2F%2Fwww.w3.org%2F2000%2Fsvg' viewBox%3D'0 0 330 220'%2F%3E\" data-src=\"https:\/\/i0.wp.com\/ullttra.com.br\/ullttranews\/wp-content\/uploads\/sites\/10\/2026\/02\/chuvas_em_minas_gerais_ce137a3b79.png?resize=330%2C220&amp;ssl=1\" class=\"lazyload featured-img wp-post-image\" alt=\"\" loading=\"lazy\" \/>\t\t<\/a>\r\n\t\t\t\t<\/div>\r\n\t<\/div>\r\n\t\t\t\t<div class=\"p-content\">\r\n\t\t\t<h5 class=\"entry-title\">\t\t<a class=\"p-url\" href=\"https:\/\/ullttra.com.br\/ullttranews\/2026\/02\/27\/caixa-libera-saque-calamidade-do-fgts-para-afetados-por-chuvas-em-mg\/\" rel=\"bookmark\">Caixa libera saque calamidade do FGTS para afetados por chuvas em MG<\/a><\/h5>\t\t\t<div class=\"p-meta\">\r\n\t\t\t\t<div class=\"meta-inner is-meta\">\r\n\t\t\t\t\t\t<div class=\"meta-el meta-date\">\r\n\t\t\t\t<time class=\"date published\" datetime=\"2026-02-27T07:02:52-03:00\">27 de fevereiro de 2026<\/time>\r\n\t\t<\/div>\t\t\t\t<\/div>\r\n\t\t\t\t\t\t\t<\/div>\r\n\t\t\t\t<\/div>\r\n\t\t\t\t<\/div>\r\n\t\t\t<div class=\"p-wrap p-small p-list-small-2\" data-pid=\"2554\">\r\n\t\t\t\t<div class=\"feat-holder\">\t\t<div class=\"p-featured ratio-v1\">\r\n\t\t\t\t\t<a class=\"p-flink\" href=\"https:\/\/ullttra.com.br\/ullttranews\/2026\/02\/25\/jovem-de-22-anos-morre-em-emboscada-apos-oferecer-recompensa-por-pulseira-perdida\/\" title=\"Jovem de 22 anos morre em emboscada ap\u00f3s oferecer recompensa por pulseira perdida\">\r\n\t\t\t<img loading=\"lazy\" decoding=\"async\" data-expand=\"600\" width=\"330\" height=\"220\" src=\"data:image\/svg+xml;charset=utf-8,%3Csvg xmlns%3D'http%3A%2F%2Fwww.w3.org%2F2000%2Fsvg' viewBox%3D'0 0 330 220'%2F%3E\" data-src=\"https:\/\/i0.wp.com\/ullttra.com.br\/ullttranews\/wp-content\/uploads\/sites\/10\/2026\/02\/jovem-morre-em-emboscada-apos-oferecer-recompensa-por-pulseira-perdida.webp?resize=330%2C220&amp;ssl=1\" class=\"lazyload featured-img wp-post-image\" alt=\"\" loading=\"lazy\" \/>\t\t<\/a>\r\n\t\t\t\t<\/div>\r\n\t<\/div>\r\n\t\t\t\t<div class=\"p-content\">\r\n\t\t\t<h5 class=\"entry-title\">\t\t<a class=\"p-url\" href=\"https:\/\/ullttra.com.br\/ullttranews\/2026\/02\/25\/jovem-de-22-anos-morre-em-emboscada-apos-oferecer-recompensa-por-pulseira-perdida\/\" rel=\"bookmark\">Jovem de 22 anos morre em emboscada ap\u00f3s oferecer recompensa por pulseira perdida<\/a><\/h5>\t\t\t<div class=\"p-meta\">\r\n\t\t\t\t<div class=\"meta-inner is-meta\">\r\n\t\t\t\t\t\t<div class=\"meta-el meta-date\">\r\n\t\t\t\t<time class=\"date published\" datetime=\"2026-02-25T11:00:52-03:00\">25 de fevereiro de 2026<\/time>\r\n\t\t<\/div>\t\t\t\t<\/div>\r\n\t\t\t\t\t\t\t<\/div>\r\n\t\t\t\t<\/div>\r\n\t\t\t\t<\/div>\r\n\t\t\t<div class=\"p-wrap p-small p-list-small-2\" data-pid=\"2545\">\r\n\t\t\t\t<div class=\"feat-holder\">\t\t<div class=\"p-featured ratio-v1\">\r\n\t\t\t\t\t<a class=\"p-flink\" href=\"https:\/\/ullttra.com.br\/ullttranews\/2026\/02\/25\/ira-diz-que-trump-repetiu-grandes-mentiras-sobre-programa-nuclear\/\" title=\"Ir\u00e3 diz que Trump repetiu \u201cgrandes mentiras\u201d sobre programa nuclear\">\r\n\t\t\t<img loading=\"lazy\" decoding=\"async\" data-expand=\"600\" width=\"330\" height=\"220\" src=\"data:image\/svg+xml;charset=utf-8,%3Csvg xmlns%3D'http%3A%2F%2Fwww.w3.org%2F2000%2Fsvg' viewBox%3D'0 0 330 220'%2F%3E\" data-src=\"https:\/\/i0.wp.com\/ullttra.com.br\/ullttranews\/wp-content\/uploads\/sites\/10\/2026\/02\/gettyimages-2263407464.webp?resize=330%2C220&amp;ssl=1\" class=\"lazyload featured-img wp-post-image\" alt=\"\" loading=\"lazy\" \/>\t\t<\/a>\r\n\t\t\t\t<\/div>\r\n\t<\/div>\r\n\t\t\t\t<div class=\"p-content\">\r\n\t\t\t<h5 class=\"entry-title\">\t\t<a class=\"p-url\" href=\"https:\/\/ullttra.com.br\/ullttranews\/2026\/02\/25\/ira-diz-que-trump-repetiu-grandes-mentiras-sobre-programa-nuclear\/\" rel=\"bookmark\">Ir\u00e3 diz que Trump repetiu \u201cgrandes mentiras\u201d sobre programa nuclear<\/a><\/h5>\t\t\t<div class=\"p-meta\">\r\n\t\t\t\t<div class=\"meta-inner is-meta\">\r\n\t\t\t\t\t\t<div class=\"meta-el meta-date\">\r\n\t\t\t\t<time class=\"date published\" datetime=\"2026-02-25T07:03:30-03:00\">25 de fevereiro de 2026<\/time>\r\n\t\t<\/div>\t\t\t\t<\/div>\r\n\t\t\t\t\t\t\t<\/div>\r\n\t\t\t\t<\/div>\r\n\t\t\t\t<\/div>\r\n\t\t\t<div class=\"p-wrap p-small p-list-small-2\" data-pid=\"2542\">\r\n\t\t\t\t<div class=\"feat-holder\">\t\t<div class=\"p-featured ratio-v1\">\r\n\t\t\t\t\t<a class=\"p-flink\" href=\"https:\/\/ullttra.com.br\/ullttranews\/2026\/02\/07\/michelle-publica-carta-que-recebeu-de-bolsonaro-em-aniversario-de-casamento\/\" title=\"Michelle publica carta que recebeu de Bolsonaro em anivers\u00e1rio de casamento\">\r\n\t\t\t<img loading=\"lazy\" decoding=\"async\" data-expand=\"600\" width=\"330\" height=\"220\" src=\"data:image\/svg+xml;charset=utf-8,%3Csvg xmlns%3D'http%3A%2F%2Fwww.w3.org%2F2000%2Fsvg' viewBox%3D'0 0 330 220'%2F%3E\" data-src=\"https:\/\/i0.wp.com\/ullttra.com.br\/ullttranews\/wp-content\/uploads\/sites\/10\/2026\/02\/Design-sem-nome-25.png?resize=330%2C220&amp;ssl=1\" class=\"lazyload featured-img wp-post-image\" alt=\"\" loading=\"lazy\" \/>\t\t<\/a>\r\n\t\t\t\t<\/div>\r\n\t<\/div>\r\n\t\t\t\t<div class=\"p-content\">\r\n\t\t\t<h5 class=\"entry-title\">\t\t<a class=\"p-url\" href=\"https:\/\/ullttra.com.br\/ullttranews\/2026\/02\/07\/michelle-publica-carta-que-recebeu-de-bolsonaro-em-aniversario-de-casamento\/\" rel=\"bookmark\">Michelle publica carta que recebeu de Bolsonaro em anivers\u00e1rio de casamento<\/a><\/h5>\t\t\t<div class=\"p-meta\">\r\n\t\t\t\t<div class=\"meta-inner is-meta\">\r\n\t\t\t\t\t\t<div class=\"meta-el meta-date\">\r\n\t\t\t\t<time class=\"date published\" datetime=\"2026-02-07T01:33:43-03:00\">7 de fevereiro de 2026<\/time>\r\n\t\t<\/div>\t\t\t\t<\/div>\r\n\t\t\t\t\t\t\t<\/div>\r\n\t\t\t\t<\/div>\r\n\t\t\t\t<\/div>\r\n\t<\/div>\t\t<div class=\"pagination-wrap pagination-loadmore\">\r\n\t\t\t<a href=\"#\" rel=\"nofollow\" role=\"button\" class=\"loadmore-trigger\" aria-label=\"Show More\"><span>Show More<\/span><i class=\"rb-loader\" aria-hidden=\"true\"><\/i><\/a>\r\n\t\t<\/div>\r\n\t\t<\/div>\t\t\t\t<\/div>\n\t\t\t\t<\/div>\n\t\t\t\t\t<\/div>\n\t\t<\/div>\n\t\t\t\t<div class=\"elementor-column elementor-col-50 elementor-inner-column elementor-element elementor-element-6af1abec\" data-id=\"6af1abec\" data-element_type=\"column\" data-e-type=\"column\">\n\t\t\t<div class=\"elementor-widget-wrap elementor-element-populated\">\n\t\t\t\t\t\t\t<\/div>\n\t\t<\/div>\n\t\t\t\t\t<\/div>\n\t\t<\/section>\n\t\t\t\t\t<\/div>\n\t\t<\/div>\n\t\t\t\t\t<\/div>\n\t\t<\/section>\n\t\t\t\t<\/div>\n\t\t","protected":false},"excerpt":{"rendered":"<p>edit Not\u00edcias Ol\u00e1, mundo! edit Uma pessoa morreu e cinco foram baleadas ap\u00f3s briga no metr\u00f4 de Nova York 13 de fevereiro de 2024 Auto Sales Helped Get the American Economy off to a Good Start 18 de mar\u00e7o de 2022<\/p>\n","protected":false},"author":1,"featured_media":2376,"parent":0,"menu_order":0,"comment_status":"closed","ping_status":"closed","template":"","meta":{"footnotes":""},"yst_prominent_words":[],"class_list":["post-2373","page","type-page","status-publish","has-post-thumbnail"],"jetpack_sharing_enabled":true,"_links":{"self":[{"href":"https:\/\/ullttra.com.br\/ullttranews\/wp-json\/wp\/v2\/pages\/2373","targetHints":{"allow":["GET"]}}],"collection":[{"href":"https:\/\/ullttra.com.br\/ullttranews\/wp-json\/wp\/v2\/pages"}],"about":[{"href":"https:\/\/ullttra.com.br\/ullttranews\/wp-json\/wp\/v2\/types\/page"}],"author":[{"embeddable":true,"href":"https:\/\/ullttra.com.br\/ullttranews\/wp-json\/wp\/v2\/users\/1"}],"replies":[{"embeddable":true,"href":"https:\/\/ullttra.com.br\/ullttranews\/wp-json\/wp\/v2\/comments?post=2373"}],"version-history":[{"count":8,"href":"https:\/\/ullttra.com.br\/ullttranews\/wp-json\/wp\/v2\/pages\/2373\/revisions"}],"predecessor-version":[{"id":2451,"href":"https:\/\/ullttra.com.br\/ullttranews\/wp-json\/wp\/v2\/pages\/2373\/revisions\/2451"}],"wp:featuredmedia":[{"embeddable":true,"href":"https:\/\/ullttra.com.br\/ullttranews\/wp-json\/wp\/v2\/media\/2376"}],"wp:attachment":[{"href":"https:\/\/ullttra.com.br\/ullttranews\/wp-json\/wp\/v2\/media?parent=2373"}],"wp:term":[{"taxonomy":"yst_prominent_words","embeddable":true,"href":"https:\/\/ullttra.com.br\/ullttranews\/wp-json\/wp\/v2\/yst_prominent_words?post=2373"}],"curies":[{"name":"wp","href":"https:\/\/api.w.org\/{rel}","templated":true}]}}